{"id":2969,"date":"2021-08-06T12:53:08","date_gmt":"2021-08-06T05:53:08","guid":{"rendered":"https:\/\/ahrd.com.vn\/?page_id=2969"},"modified":"2025-11-24T13:24:30","modified_gmt":"2025-11-24T06:24:30","slug":"lien-he","status":"publish","type":"page","link":"https:\/\/ahrd.vn\/?page_id=2969","title":{"rendered":"Li\u00ean h\u1ec7"},"content":{"rendered":"\n\t<section class=\"section dark\" id=\"section_756026927\">\n\t\t<div class=\"section-bg fill\" >\n\t\t\t<img width=\"1920\" height=\"910\" src=\"https:\/\/ahrd.vn\/wp-content\/uploads\/2022\/03\/bk8.jpg\" class=\"bg attachment- size-\" alt=\"\" decoding=\"async\" loading=\"lazy\" \/>\t\t\t\t\t\t<div class=\"section-bg-overlay absolute fill\"><\/div>\n\t\t\t\n\n\t\t<\/div>\n\n\t\t\n\n\t\t<div class=\"section-content relative\">\n\t\t\t\n<div class=\"row\"  id=\"row-283241375\">\n\n\t<div id=\"col-98813659\" class=\"col small-12 large-12\"  >\n\t\t\t\t<div class=\"col-inner text-center\"  >\n\t\t\t\n\t\t\t\n<h2 style=\"font-size: 200%;\"><span style=\"font-size: 160%;\">Li\u00ean h\u1ec7<\/span><\/h2>\n<p><span style=\"font-size: 110%;\">H\u00e3y li\u00ean h\u1ec7 v\u1edbi ch\u00fang t\u00f4i<\/span><\/p>\n\t\t<\/div>\n\t\t\t\t\n<style>\n#col-98813659 > .col-inner {\n  padding: 20px 0px 0px 0px;\n}\n<\/style>\n\t<\/div>\n\n\t\n<\/div>\n\t\t<\/div>\n\n\t\t\n<style>\n#section_756026927 {\n  padding-top: 57px;\n  padding-bottom: 57px;\n  background-color: rgb(40, 40, 40);\n}\n#section_756026927 .section-bg-overlay {\n  background-color: rgba(0, 0, 0, 0.3);\n}\n#section_756026927 .section-bg img {\n  object-position: 48% 50%;\n}\n<\/style>\n\t<\/section>\n\t\n\n\t<section class=\"section\" id=\"section_365293881\">\n\t\t<div class=\"section-bg fill\" >\n\t\t\t\t\t\t\t\t\t\n\t\t\t\n\n\t\t<\/div>\n\n\t\t\n\n\t\t<div class=\"section-content relative\">\n\t\t\t\n<div class=\"row\"  id=\"row-1465221837\">\n\n\t<div id=\"col-1808046492\" class=\"col small-12 large-12\"  >\n\t\t\t\t<div class=\"col-inner\"  >\n\t\t\t\n\t\t\t\n\t<div id=\"text-1675720886\" class=\"text\">\n\t\t\n<h2 style=\"text-align: left;\"><span style=\"color: #000000; font-size: 140%;\">Th\u00f4ng tin li\u00ean h\u1ec7<\/span><\/h2>\n\t\t\n<style>\n#text-1675720886 {\n  text-align: right;\n}\n<\/style>\n\t<\/div>\n\t\n\t<div id=\"text-393412132\" class=\"text\">\n\t\t\n<p><span style=\"font-size: 105%;\">Qu\u00fd kh\u00e1ch c\u00f3 y\u00eau c\u1ea7u g\u00ec, vui l\u00f2ng \u0111i\u1ec1n th\u00f4ng tin b\u00ean d\u01b0\u1edbi.\u00a0Ch\u00fang t\u00f4i s\u1ebd li\u00ean h\u1ec7 v\u1edbi qu\u00fd kh\u00e1ch trong th\u1eddi gian s\u1edbm nh\u1ea5t.<\/span><br \/>\n\t\t\n<style>\n#text-393412132 {\n  text-align: left;\n}\n<\/style>\n\t<\/div>\n\t\n\t\t<\/div>\n\t\t\t\t\n<style>\n#col-1808046492 > .col-inner {\n  padding: 0px 0px 0px 0px;\n  margin: 29px 0px -61px 0px;\n}\n<\/style>\n\t<\/div>\n\n\t\n<\/div>\n\t\t<\/div>\n\n\t\t\n<style>\n#section_365293881 {\n  padding-top: 9px;\n  padding-bottom: 9px;\n}\n<\/style>\n\t<\/section>\n\t\n\n\t<section class=\"section\" id=\"section_114149154\">\n\t\t<div class=\"section-bg fill\" >\n\t\t\t\t\t\t\t\t\t\n\t\t\t\n\n\t\t<\/div>\n\n\t\t\n\n\t\t<div class=\"section-content relative\">\n\t\t\t\n<div class=\"row\"  id=\"row-705575609\">\n\n\t<div id=\"col-1361751814\" class=\"col medium-7 small-12 large-7\"  >\n\t\t\t\t<div class=\"col-inner\"  >\n\t\t\t\n\t\t\t\n<div class=\"row\"  id=\"row-1827566130\">\n\n\t<div id=\"col-1938450461\" class=\"col small-12 large-12\"  >\n\t\t\t\t<div class=\"col-inner\"  >\n\t\t\t\n\t\t\t\n\t<div id=\"gap-788179274\" class=\"gap-element clearfix\" style=\"display:block; height:auto;\">\n\t\t\n<style>\n#gap-788179274 {\n  padding-top: 40px;\n}\n<\/style>\n\t<\/div>\n\t\n\t<div id=\"text-763250256\" class=\"text\">\n\t\t\n<p><iframe loading=\"lazy\" src=\"https:\/\/docs.google.com\/forms\/d\/e\/1FAIpQLSfMpR3f2e5uVI7yge9xg9dtQegAox9mWcZ5TlRhhQbIJ4diyA\/viewform?embedded=true\" width=\"640\" height=\"1012\" frameborder=\"0\" marginwidth=\"0\" marginheight=\"0\">\u0110ang t\u1ea3i\u2026<\/iframe><br \/>\n\t\t\n<style>\n#text-763250256 {\n  text-align: center;\n}\n<\/style>\n\t<\/div>\n\t\n\t\t<\/div>\n\t\t\t\t\t<\/div>\n\n\t\n<\/div>\n\t\t<\/div>\n\t\t\t\t\t<\/div>\n\n\t\n\n\t<div id=\"col-6613450\" class=\"col hide-for-small medium-5 small-12 large-5\"  >\n\t\t\t\t<div class=\"col-inner\"  >\n\t\t\t\n\t\t\t\n<div class=\"row\"  id=\"row-2079367136\">\n\n\t<div id=\"col-684820490\" class=\"col small-12 large-12\"  >\n\t\t\t\t<div class=\"col-inner\" style=\"background-color:rgb(250, 250, 250);\" >\n\t\t\t\n\t\t\t\n\n\t\t<div class=\"icon-box featured-box icon-box-left text-left\"  >\n\t\t\t\t\t<div class=\"icon-box-img\" style=\"width: 68px\">\n\t\t\t\t<div class=\"icon\">\n\t\t\t\t\t<div class=\"icon-inner\" >\n\t\t\t\t\t\t<img width=\"280\" height=\"280\" src=\"https:\/\/ahrd.vn\/wp-content\/uploads\/2022\/03\/3-2.png\" class=\"attachment-medium size-medium\" alt=\"\" decoding=\"async\" loading=\"lazy\" srcset=\"https:\/\/ahrd.vn\/wp-content\/uploads\/2022\/03\/3-2.png 280w, https:\/\/ahrd.vn\/wp-content\/uploads\/2022\/03\/3-2-100x100.png 100w\" sizes=\"(max-width: 280px) 100vw, 280px\" \/>\t\t\t\t\t<\/div>\n\t\t\t\t<\/div>\n\t\t\t<\/div>\n\t\t\t\t<div class=\"icon-box-text last-reset\">\n\t\t\t\t\t\t\t\t\t\n<div class=\"contact-footer2\">\n<h2><span style=\"color: #000000; font-size: 85%;\"><strong>\u0110\u1ecba ch\u1ec9<\/strong><\/span><\/h2>\n<p><span style=\"color: #000000; font-size: 85%;\">\u1ea4p 1,  x\u00e3 Nhu\u1eadn \u0110\u1ee9c, Th\u00e0nh ph\u1ed1 H\u1ed3 Ch\u00ed Minh<\/span><\/p>\n<p>T\u1ea7ng 11, t\u00f2a nh\u00e0 s\u1ed1  255 \u0111\u01b0\u1eddng Tr\u1ea7n H\u01b0ng \u0110\u1ea1o, ph\u01b0\u1eddng C\u1ea7u \u00d4ng L\u00e3nh, Th\u00e0nh ph\u1ed1 H\u1ed3 Ch\u00ed Minh<\/span><\/p>\n<\/div>\n\t\t<\/div>\n\t<\/div>\n\t\n\t\n\t\t<\/div>\n\t\t\t\t\n<style>\n#col-684820490 > .col-inner {\n  padding: 15px 0px 15px 40px;\n  margin: 0px 0px -10px 0px;\n}\n<\/style>\n\t<\/div>\n\n\t\n<\/div>\n<div class=\"row\"  id=\"row-587691840\">\n\n\t<div id=\"col-1380490752\" class=\"col small-12 large-12\"  >\n\t\t\t\t<div class=\"col-inner\" style=\"background-color:rgb(250, 250, 250);\" >\n\t\t\t\n\t\t\t\n\n\t\t<div class=\"icon-box featured-box icon-box-left text-left\"  >\n\t\t\t\t\t<div class=\"icon-box-img\" style=\"width: 68px\">\n\t\t\t\t<div class=\"icon\">\n\t\t\t\t\t<div class=\"icon-inner\" >\n\t\t\t\t\t\t<img width=\"280\" height=\"280\" src=\"https:\/\/ahrd.vn\/wp-content\/uploads\/2022\/03\/1-3.png\" class=\"attachment-medium size-medium\" alt=\"\" decoding=\"async\" loading=\"lazy\" srcset=\"https:\/\/ahrd.vn\/wp-content\/uploads\/2022\/03\/1-3.png 280w, https:\/\/ahrd.vn\/wp-content\/uploads\/2022\/03\/1-3-100x100.png 100w\" sizes=\"(max-width: 280px) 100vw, 280px\" \/>\t\t\t\t\t<\/div>\n\t\t\t\t<\/div>\n\t\t\t<\/div>\n\t\t\t\t<div class=\"icon-box-text last-reset\">\n\t\t\t\t\t\t\t\t\t\n<div class=\"contact-footer2\">\n<h2><span style=\"color: #000000; font-size: 85%;\">Phone<\/span><\/h2>\n<ul>\n<li><span style=\"color: #000000; font-size: 85%;\">T\u00f4\u0309 ch\u01b0\u0301c &#8211; Ha\u0300nh chi\u0301nh 1: 0886.808.708 (Anh T\u00fa) \u00a0<\/span><\/li>\n<li>T\u00f4\u0309 ch\u01b0\u0301c &#8211; Ha\u0300nh chi\u0301nh 2: 0933.134.114 (Ch\u1ecb Dung)<\/span><\/li>\n<li><span style=\"font-size: 85%;\">Khoa ho\u0323c &#8211; \u0110a\u0300o ta\u0323o: 0988.221.076<\/span><\/li>\n<li><span style=\"font-size: 85%;\">Kinh doanh s\u1ea3n ph\u1ea9m NNCNC : 0786.273.979<\/span><\/li>\n<\/ul>\n<\/div>\n\t\t<\/div>\n\t<\/div>\n\t\n\t\n\t\t<\/div>\n\t\t\t\t\n<style>\n#col-1380490752 > .col-inner {\n  padding: 15px 0px 15px 40px;\n  margin: 0px 0px -10px 0px;\n}\n<\/style>\n\t<\/div>\n\n\t\n<\/div>\n<div class=\"row\"  id=\"row-983292637\">\n\n\t<div id=\"col-584597843\" class=\"col small-12 large-12\"  >\n\t\t\t\t<div class=\"col-inner\" style=\"background-color:rgb(250, 250, 250);\" >\n\t\t\t\n\t\t\t\n\n\t\t<div class=\"icon-box featured-box icon-box-left text-left\"  >\n\t\t\t\t\t<div class=\"icon-box-img\" style=\"width: 68px\">\n\t\t\t\t<div class=\"icon\">\n\t\t\t\t\t<div class=\"icon-inner\" >\n\t\t\t\t\t\t<img width=\"280\" height=\"280\" src=\"https:\/\/ahrd.vn\/wp-content\/uploads\/2022\/03\/2-2.png\" class=\"attachment-medium size-medium\" alt=\"\" decoding=\"async\" loading=\"lazy\" srcset=\"https:\/\/ahrd.vn\/wp-content\/uploads\/2022\/03\/2-2.png 280w, https:\/\/ahrd.vn\/wp-content\/uploads\/2022\/03\/2-2-100x100.png 100w\" sizes=\"(max-width: 280px) 100vw, 280px\" \/>\t\t\t\t\t<\/div>\n\t\t\t\t<\/div>\n\t\t\t<\/div>\n\t\t\t\t<div class=\"icon-box-text last-reset\">\n\t\t\t\t\t\t\t\t\t\n<div class=\"contact-footer2\">\n<h2><span style=\"color: #000000; font-size: 85%;\"><strong>Email<\/strong><\/span><\/h2>\n<p><span style=\"color: #000000; font-size: 85%;\">nghiencuu.ahtp@tphcm.gov.vn<\/span><\/p>\n<\/div>\n\t\t<\/div>\n\t<\/div>\n\t\n\t\n\t\t<\/div>\n\t\t\t\t\n<style>\n#col-584597843 > .col-inner {\n  padding: 15px 0px 15px 40px;\n  margin: 0px 0px -10px 0px;\n}\n<\/style>\n\t<\/div>\n\n\t\n<\/div>\n<div class=\"row\"  id=\"row-2080247234\">\n\n\t<div id=\"col-1371665493\" class=\"col small-12 large-12\"  >\n\t\t\t\t<div class=\"col-inner\" style=\"background-color:rgb(250, 250, 250);\" >\n\t\t\t\n\t\t\t\n\n\t\t<div class=\"icon-box featured-box icon-box-left text-left\"  >\n\t\t\t\t\t<div class=\"icon-box-img\" style=\"width: 68px\">\n\t\t\t\t<div class=\"icon\">\n\t\t\t\t\t<div class=\"icon-inner\" >\n\t\t\t\t\t\t<img width=\"280\" height=\"280\" src=\"https:\/\/ahrd.vn\/wp-content\/uploads\/2022\/03\/4-2.png\" class=\"attachment-medium size-medium\" alt=\"\" decoding=\"async\" loading=\"lazy\" srcset=\"https:\/\/ahrd.vn\/wp-content\/uploads\/2022\/03\/4-2.png 280w, https:\/\/ahrd.vn\/wp-content\/uploads\/2022\/03\/4-2-100x100.png 100w\" sizes=\"(max-width: 280px) 100vw, 280px\" \/>\t\t\t\t\t<\/div>\n\t\t\t\t<\/div>\n\t\t\t<\/div>\n\t\t\t\t<div class=\"icon-box-text last-reset\">\n\t\t\t\t\t\t\t\t\t\n<div class=\"contact-footer2\">\n<h2><span style=\"color: #000000; font-size: 85%;\"><strong>Gi\u1edd m\u1edf c\u1eeda<\/strong><\/span><\/h2>\n<p><span style=\"color: #000000; font-size: 85%;\">8:00 AM \u2013 10:00 PM Th\u1ee9 2 \u2013 Th\u1ee9 7<\/span><\/p>\n<\/div>\n\t\t<\/div>\n\t<\/div>\n\t\n\t\n\t\t<\/div>\n\t\t\t\t\n<style>\n#col-1371665493 > .col-inner {\n  padding: 15px 0px 15px 40px;\n  margin: 0px 0px -10px 0px;\n}\n<\/style>\n\t<\/div>\n\n\t\n<\/div>\n\t\t<\/div>\n\t\t\t\t\n<style>\n#col-6613450 > .col-inner {\n  padding: 23px 0px 10px 0px;\n  margin: 0px 0px 0px 40px;\n}\n<\/style>\n\t<\/div>\n\n\t\n\n\t<div id=\"col-1561284206\" class=\"col show-for-medium medium-5 small-12 large-5\"  >\n\t\t\t\t<div class=\"col-inner\"  >\n\t\t\t\n\t\t\t\n<div class=\"row\"  id=\"row-102073512\">\n\n\t<div id=\"col-729583820\" class=\"col small-12 large-12\"  >\n\t\t\t\t<div class=\"col-inner\" style=\"background-color:rgb(250, 250, 250);\" >\n\t\t\t\n\t\t\t\n\n\t\t<div class=\"icon-box featured-box icon-box-left text-left\"  >\n\t\t\t\t\t<div class=\"icon-box-img\" style=\"width: 68px\">\n\t\t\t\t<div class=\"icon\">\n\t\t\t\t\t<div class=\"icon-inner\" >\n\t\t\t\t\t\t<img width=\"280\" height=\"280\" src=\"https:\/\/ahrd.vn\/wp-content\/uploads\/2022\/03\/3-2.png\" class=\"attachment-medium size-medium\" alt=\"\" decoding=\"async\" loading=\"lazy\" srcset=\"https:\/\/ahrd.vn\/wp-content\/uploads\/2022\/03\/3-2.png 280w, https:\/\/ahrd.vn\/wp-content\/uploads\/2022\/03\/3-2-100x100.png 100w\" sizes=\"(max-width: 280px) 100vw, 280px\" \/>\t\t\t\t\t<\/div>\n\t\t\t\t<\/div>\n\t\t\t<\/div>\n\t\t\t\t<div class=\"icon-box-text last-reset\">\n\t\t\t\t\t\t\t\t\t\n<div class=\"contact-footer2\">\n<h2><span style=\"color: #000000; font-size: 85%;\"><strong>\u0110\u1ecba ch\u1ec9<\/strong><\/span><\/h2>\n<p><span style=\"color: #000000; font-size: 85%;\">\u1ea4p 1, X\u00e3 Ph\u1ea1m V\u0103n C\u1ed9i, Huy\u1ec7n C\u1ee7 Chi, Tp.HCM<\/span><\/p>\n<\/div>\n\t\t<\/div>\n\t<\/div>\n\t\n\t\n\t\t<\/div>\n\t\t\t\t\n<style>\n#col-729583820 > .col-inner {\n  padding: 15px 0px 15px 40px;\n  margin: 0px 0px -10px 0px;\n}\n<\/style>\n\t<\/div>\n\n\t\n<\/div>\n<div class=\"row\"  id=\"row-260537781\">\n\n\t<div id=\"col-853873125\" class=\"col small-12 large-12\"  >\n\t\t\t\t<div class=\"col-inner\" style=\"background-color:rgb(250, 250, 250);\" >\n\t\t\t\n\t\t\t\n\n\t\t<div class=\"icon-box featured-box icon-box-left text-left\"  >\n\t\t\t\t\t<div class=\"icon-box-img\" style=\"width: 68px\">\n\t\t\t\t<div class=\"icon\">\n\t\t\t\t\t<div class=\"icon-inner\" >\n\t\t\t\t\t\t<img width=\"280\" height=\"280\" src=\"https:\/\/ahrd.vn\/wp-content\/uploads\/2022\/03\/1-3.png\" class=\"attachment-medium size-medium\" alt=\"\" decoding=\"async\" loading=\"lazy\" srcset=\"https:\/\/ahrd.vn\/wp-content\/uploads\/2022\/03\/1-3.png 280w, https:\/\/ahrd.vn\/wp-content\/uploads\/2022\/03\/1-3-100x100.png 100w\" sizes=\"(max-width: 280px) 100vw, 280px\" \/>\t\t\t\t\t<\/div>\n\t\t\t\t<\/div>\n\t\t\t<\/div>\n\t\t\t\t<div class=\"icon-box-text last-reset\">\n\t\t\t\t\t\t\t\t\t\n<div class=\"contact-footer2\">\n<h2><span style=\"color: #000000; font-size: 85%;\">Phone<\/span><\/h2>\n<p><span style=\"color: #000000; font-size: 85%;\">+84 (02)83 8862726 |\u00a0<\/span><span style=\"color: #000000; font-size: 85%;\">+84 (02)83 799 0500<\/span><\/p>\n<\/div>\n\t\t<\/div>\n\t<\/div>\n\t\n\t\n\t\t<\/div>\n\t\t\t\t\n<style>\n#col-853873125 > .col-inner {\n  padding: 15px 0px 15px 40px;\n  margin: 0px 0px -10px 0px;\n}\n<\/style>\n\t<\/div>\n\n\t\n<\/div>\n<div class=\"row\"  id=\"row-1634653095\">\n\n\t<div id=\"col-97542022\" class=\"col small-12 large-12\"  >\n\t\t\t\t<div class=\"col-inner\" style=\"background-color:rgb(250, 250, 250);\" >\n\t\t\t\n\t\t\t\n\n\t\t<div class=\"icon-box featured-box icon-box-left text-left\"  >\n\t\t\t\t\t<div class=\"icon-box-img\" style=\"width: 68px\">\n\t\t\t\t<div class=\"icon\">\n\t\t\t\t\t<div class=\"icon-inner\" >\n\t\t\t\t\t\t<img width=\"280\" height=\"280\" src=\"https:\/\/ahrd.vn\/wp-content\/uploads\/2022\/03\/2-2.png\" class=\"attachment-medium size-medium\" alt=\"\" decoding=\"async\" loading=\"lazy\" srcset=\"https:\/\/ahrd.vn\/wp-content\/uploads\/2022\/03\/2-2.png 280w, https:\/\/ahrd.vn\/wp-content\/uploads\/2022\/03\/2-2-100x100.png 100w\" sizes=\"(max-width: 280px) 100vw, 280px\" \/>\t\t\t\t\t<\/div>\n\t\t\t\t<\/div>\n\t\t\t<\/div>\n\t\t\t\t<div class=\"icon-box-text last-reset\">\n\t\t\t\t\t\t\t\t\t\n<div class=\"contact-footer2\">\n<h2><span style=\"color: #000000; font-size: 85%;\"><strong>Email<\/strong><\/span><\/h2>\n<p><span style=\"color: #000000; font-size: 85%;\">nghiencuu.ahtp@tphcm.gov.vn<\/span><\/p>\n<\/div>\n\t\t<\/div>\n\t<\/div>\n\t\n\t\n\t\t<\/div>\n\t\t\t\t\n<style>\n#col-97542022 > .col-inner {\n  padding: 15px 0px 15px 40px;\n  margin: 0px 0px -10px 0px;\n}\n<\/style>\n\t<\/div>\n\n\t\n<\/div>\n<div class=\"row\"  id=\"row-657111930\">\n\n\t<div id=\"col-1382369858\" class=\"col small-12 large-12\"  >\n\t\t\t\t<div class=\"col-inner\" style=\"background-color:rgb(250, 250, 250);\" >\n\t\t\t\n\t\t\t\n\n\t\t<div class=\"icon-box featured-box icon-box-left text-left\"  >\n\t\t\t\t\t<div class=\"icon-box-img\" style=\"width: 68px\">\n\t\t\t\t<div class=\"icon\">\n\t\t\t\t\t<div class=\"icon-inner\" >\n\t\t\t\t\t\t<img width=\"280\" height=\"280\" src=\"https:\/\/ahrd.vn\/wp-content\/uploads\/2022\/03\/4-2.png\" class=\"attachment-medium size-medium\" alt=\"\" decoding=\"async\" loading=\"lazy\" srcset=\"https:\/\/ahrd.vn\/wp-content\/uploads\/2022\/03\/4-2.png 280w, https:\/\/ahrd.vn\/wp-content\/uploads\/2022\/03\/4-2-100x100.png 100w\" sizes=\"(max-width: 280px) 100vw, 280px\" \/>\t\t\t\t\t<\/div>\n\t\t\t\t<\/div>\n\t\t\t<\/div>\n\t\t\t\t<div class=\"icon-box-text last-reset\">\n\t\t\t\t\t\t\t\t\t\n<div class=\"contact-footer2\">\n<h2><span style=\"color: #000000; font-size: 85%;\"><strong>Gi\u1edd m\u1edf c\u1eeda<\/strong><\/span><\/h2>\n<p><span style=\"color: #000000; font-size: 85%;\">8:00 AM \u2013 10:00 PM Th\u1ee9 2 \u2013 Th\u1ee9 7<\/span><\/p>\n<\/div>\n\t\t<\/div>\n\t<\/div>\n\t\n\t\n\t\t<\/div>\n\t\t\t\t\n<style>\n#col-1382369858 > .col-inner {\n  padding: 15px 0px 15px 40px;\n  margin: 0px 0px -10px 0px;\n}\n<\/style>\n\t<\/div>\n\n\t\n<\/div>\n\t\t<\/div>\n\t\t\t\t\n<style>\n#col-1561284206 > .col-inner {\n  padding: 0px 0px 0px 0px;\n  margin: 0px 0px 0px 0;\n}\n@media (min-width:550px) {\n  #col-1561284206 > .col-inner {\n    padding: 23px 0px 10px 0px;\n    margin: 0px 0px 0px 40px;\n  }\n}\n<\/style>\n\t<\/div>\n\n\t\n<\/div>\n\t\t<\/div>\n\n\t\t\n<style>\n#section_114149154 {\n  padding-top: 30px;\n  padding-bottom: 30px;\n}\n<\/style>\n\t<\/section>\n\t\n\n\t<section class=\"section\" id=\"section_39493539\">\n\t\t<div class=\"section-bg fill\" >\n\t\t\t\t\t\t\t\t\t\n\t\t\t\n\n\t\t<\/div>\n\n\t\t\n\n\t\t<div class=\"section-content relative\">\n\t\t\t\n<p><iframe loading=\"lazy\" style=\"border: 0;\" src=\"https:\/\/www.google.com\/maps\/embed?pb=!1m18!1m12!1m3!1d3916.28642559626!2d106.52880871480288!3d11.017123392158478!2m3!1f0!2f0!3f0!3m2!1i1024!2i768!4f13.1!3m3!1m2!1s0x310b2d2a62f0af0b%3A0xfd03c55863cf35b1!2z4bqlcDEsIFBo4bqhbSBWxINuIEPhu5lpLCBD4bunIENoaSwgVGjDoG5oIHBo4buRIEjhu5MgQ2jDrSBNaW5o!5e0!3m2!1svi!2s!4v1647407490021!5m2!1svi!2s\" width=\"1700\" height=\"500\" allowfullscreen=\"allowfullscreen\"><\/iframe><\/p>\n\t\t<\/div>\n\n\t\t\n<style>\n#section_39493539 {\n  padding-top: 0px;\n  padding-bottom: 0px;\n}\n<\/style>\n\t<\/section>\n\t\n","protected":false},"excerpt":{"rendered":"","protected":false},"author":49,"featured_media":0,"parent":0,"menu_order":0,"comment_status":"closed","ping_status":"closed","template":"page-blank.php","meta":{"footnotes":""},"_links":{"self":[{"href":"https:\/\/ahrd.vn\/index.php?rest_route=\/wp\/v2\/pages\/2969"}],"collection":[{"href":"https:\/\/ahrd.vn\/index.php?rest_route=\/wp\/v2\/pages"}],"about":[{"href":"https:\/\/ahrd.vn\/index.php?rest_route=\/wp\/v2\/types\/page"}],"author":[{"embeddable":true,"href":"https:\/\/ahrd.vn\/index.php?rest_route=\/wp\/v2\/users\/49"}],"replies":[{"embeddable":true,"href":"https:\/\/ahrd.vn\/index.php?rest_route=%2Fwp%2Fv2%2Fcomments&post=2969"}],"version-history":[{"count":75,"href":"https:\/\/ahrd.vn\/index.php?rest_route=\/wp\/v2\/pages\/2969\/revisions"}],"predecessor-version":[{"id":6011,"href":"https:\/\/ahrd.vn\/index.php?rest_route=\/wp\/v2\/pages\/2969\/revisions\/6011"}],"wp:attachment":[{"href":"https:\/\/ahrd.vn\/index.php?rest_route=%2Fwp%2Fv2%2Fmedia&parent=2969"}],"curies":[{"name":"wp","href":"https:\/\/api.w.org\/{rel}","templated":true}]}}